{"id":81,"date":"2021-02-20T14:42:52","date_gmt":"2021-02-20T14:42:52","guid":{"rendered":"https:\/\/ckfd.at\/wp\/?page_id=81"},"modified":"2024-02-19T07:45:41","modified_gmt":"2024-02-19T07:45:41","slug":"impressum","status":"publish","type":"page","link":"https:\/\/ckfd.at\/?page_id=81","title":{"rendered":"Impressum"},"content":{"rendered":"\n<p>Informationspflicht gem\u00e4\u00df \u00a75 Abs.1 E-Commerce Gesetz:<\/p>\n\n\n\n<p>CK Folien &amp; Druck &#8211;  Christian Kerstan<br>K\u00e4lberweide 11a, 7111 Parndorf<br>Telefon: +43-(0)664 134 9 334<br>E-Mail: office@ckfd.at<\/p>\n\n\n\n<p>UID ATU 70374436<\/p>\n\n\n\n<p>Beh\u00f6rde gem\u00e4\u00df ECG: Bezirkshauptmannschaft Neusiedl\/See<br>Mitglied der Wirtschaftskammer Burgenland<br><a rel=\"noreferrer noopener\" href=\"http:\/\/firmen.wko.at\/Web\/DetailsProdukte.aspx?FirmaID=8ec5021e-e78e-448b-8964-d0ad4c9515fb&amp;StandortID=0&amp;Suchbegriff=ck+folien+design&amp;Page=1\" target=\"_blank\"><\/a><br>Fachgruppe: Werbung und Marktkommunikation<br>Berufsgruppe: Werbegrafik-Designer<br><\/p>\n\n\n\n<p>Hinweise und Haftungsausschluss:<br>Im Hinblick auf die technischen Eigenschaften des Internet kann keine Gew\u00e4hr f\u00fcr die Authentizit\u00e4t, Richtigkeit und Vollst\u00e4ndigkeit der im Internet zur Verf\u00fcgung gestellten Informationen \u00fcbernommen werden. Es wird auch keine Gew\u00e4hr f\u00fcr die Verf\u00fcgbarkeit oder den Betrieb der gegenst\u00e4ndlichen Homepage und ihrer Inhalte \u00fcbernommen.<\/p>\n\n\n\n<p>Jede Haftung f\u00fcr unmittelbare, mittelbare oder sonstige Sch\u00e4den, unabh\u00e4ngig von deren Ursachen, die aus der Benutzung oder Nichtverf\u00fcgbarkeit der Daten und Informationen dieser Homepage erwachsen, wird, soweit rechtlich zul\u00e4ssig, ausgeschlossen.<\/p>\n\n\n\n<p>Der Inhalt dieser Homepage ist urheberrechtlich gesch\u00fctzt. Die Informationen sind nur f\u00fcr die pers\u00f6nliche Verwendung bestimmt. Jede weitergehende Nutzung insbesondere die Speicherung in Datenbanken, Vervielf\u00e4ltigung und jede Form von gewerblicher Nutzung sowie die Weitergabe an Dritte &#8211; auch in Teilen oder in \u00fcberarbeiteter Form &#8211; ohne Zustimmung von CK Folien &amp; Druck &#8211; Christian Kerstan ist untersagt.<\/p>\n\n\n\n<p>Hyperlinks auf CK Folien &amp; Druck &#8211; Christian Kerstan sind willkommen.<\/p>\n\n\n\n<p>Soweit im Content personenbezogene Bezeichnungen nur in m\u00e4nnlicher Form angef\u00fchrt sind, beziehen sie sich auf Frauen und M\u00e4nner in gleicher Weise.<\/p>\n\n\n\n<p>Es ist m\u00f6glich, dass wir Links auf Websites Dritter bereitstellen. F\u00fcr deren Inhalte und die Seiten an sich, welche den Nutzungsbedingungen und Datenschutzbestimmungen , wenn \u00fcberhaupt geltenden Regulierungen von Inhaltsanbietern Dritter, unterliegen, \u00fcbernimmt CK Folien &amp; Druck &#8211; Christian Kerstan keinerlei Haftung.<\/p>\n","protected":false},"excerpt":{"rendered":"<p>Informationspflicht gem\u00e4\u00df \u00a75 Abs.1 E-Commerce Gesetz: CK Folien &amp; Druck &#8211; Christian KerstanK\u00e4lberweide 11a, 7111 ParndorfTelefon: +43-(0)664 134 9 334E-Mail: office@ckfd.at UID ATU 70374436 Beh\u00f6rde gem\u00e4\u00df ECG: Bezirkshauptmannschaft Neusiedl\/SeeMitglied der Wirtschaftskammer BurgenlandFachgruppe: Werbung und MarktkommunikationBerufsgruppe: Werbegrafik-Designer Hinweise und Haftungsausschluss:Im Hinblick auf die technischen Eigenschaften des Internet kann keine Gew\u00e4hr f\u00fcr die Authentizit\u00e4t, Richtigkeit und Vollst\u00e4ndigkeit [&hellip;]<\/p>\n","protected":false},"author":1,"featured_media":0,"parent":0,"menu_order":0,"comment_status":"closed","ping_status":"closed","template":"","meta":{"footnotes":""},"class_list":["post-81","page","type-page","status-publish","hentry"],"_links":{"self":[{"href":"https:\/\/ckfd.at\/index.php?rest_route=\/wp\/v2\/pages\/81","targetHints":{"allow":["GET"]}}],"collection":[{"href":"https:\/\/ckfd.at\/index.php?rest_route=\/wp\/v2\/pages"}],"about":[{"href":"https:\/\/ckfd.at\/index.php?rest_route=\/wp\/v2\/types\/page"}],"author":[{"embeddable":true,"href":"https:\/\/ckfd.at\/index.php?rest_route=\/wp\/v2\/users\/1"}],"replies":[{"embeddable":true,"href":"https:\/\/ckfd.at\/index.php?rest_route=%2Fwp%2Fv2%2Fcomments&post=81"}],"version-history":[{"count":3,"href":"https:\/\/ckfd.at\/index.php?rest_route=\/wp\/v2\/pages\/81\/revisions"}],"predecessor-version":[{"id":261,"href":"https:\/\/ckfd.at\/index.php?rest_route=\/wp\/v2\/pages\/81\/revisions\/261"}],"wp:attachment":[{"href":"https:\/\/ckfd.at\/index.php?rest_route=%2Fwp%2Fv2%2Fmedia&parent=81"}],"curies":[{"name":"wp","href":"https:\/\/api.w.org\/{rel}","templated":true}]}}