{"id":87,"date":"2021-02-20T14:56:20","date_gmt":"2021-02-20T14:56:20","guid":{"rendered":"https:\/\/ckfd.at\/wp\/?page_id=87"},"modified":"2024-02-19T07:45:07","modified_gmt":"2024-02-19T07:45:07","slug":"datenschutz","status":"publish","type":"page","link":"https:\/\/ckfd.at\/?page_id=87","title":{"rendered":"Datenschutz"},"content":{"rendered":"\n<p><strong>Datenschutzerkl\u00e4rung<\/strong><\/p>\n\n\n\n<p><strong>Allgemeiner Hinweis und Pflichtinformationen<\/strong><\/p>\n\n\n\n<p><strong>Benennung der verantwortlichen Stelle<\/strong><\/p>\n\n\n\n<p>Die verantwortliche Stelle f\u00fcr die Datenverarbeitung auf dieser Website ist:<\/p>\n\n\n\n<p>CK Folien &amp; Druck &#8211; Christian Kerstan<br>K\u00e4lberweide 11a<br>7111 Parndorf<\/p>\n\n\n\n<p>Die verantwortliche Stelle entscheidet allein oder gemeinsam mit anderen \u00fcber die Zwecke und Mittel der Verarbeitung von personenbezogenen Daten (z.B. Namen, Kontaktdaten o. \u00c4.).<\/p>\n\n\n\n<p><strong>Widerruf Ihrer Einwilligung zur Datenverarbeitung<\/strong><\/p>\n\n\n\n<p>Nur mit Ihrer ausdr\u00fccklichen Einwilligung sind einige Vorg\u00e4nge der Datenverarbeitung m\u00f6glich. Ein Widerruf Ihrer bereits erteilten Einwilligung ist jederzeit m\u00f6glich. F\u00fcr den Widerruf gen\u00fcgt eine formlose Mitteilung per E-Mail. Die Rechtm\u00e4\u00dfigkeit der bis zum Widerruf erfolgten Datenverarbeitung bleibt vom Widerruf unber\u00fchrt.<\/p>\n\n\n\n<p><strong>Recht auf Beschwerde bei der zust\u00e4ndigen Aufsichtsbeh\u00f6rde<\/strong><\/p>\n\n\n\n<p>Als Betroffener steht Ihnen im Falle eines datenschutzrechtlichen Versto\u00dfes ein Beschwerderecht bei der zust\u00e4ndigen Aufsichtsbeh\u00f6rde zu. Zust\u00e4ndige Aufsichtsbeh\u00f6rde bez\u00fcglich datenschutzrechtlicher Fragen ist der Landesdatenschutzbeauftragte des Bundeslandes, in dem sich der Sitz unseres Unternehmens befindet. Der folgende Link stellt eine Liste der Datenschutzbeauftragten sowie deren Kontaktdaten bereit:&nbsp;<a href=\"https:\/\/www.bfdi.bund.de\/DE\/Infothek\/Anschriften_Links\/anschriften_links-node.html\" target=\"_blank\" rel=\"noreferrer noopener\">https:\/\/www.bfdi.bund.de\/DE\/Infothek\/Anschriften_Links\/anschriften_links-node.html<\/a>.<\/p>\n\n\n\n<p><strong>Recht auf Daten\u00fcbertragbarkeit<\/strong><\/p>\n\n\n\n<p>Ihnen steht das Recht zu, Daten, die wir auf Grundlage Ihrer Einwilligung oder in Erf\u00fcllung eines Vertrags automatisiert verarbeiten, an sich oder an Dritte aush\u00e4ndigen zu lassen. Die Bereitstellung erfolgt in einem maschinenlesbaren Format. Sofern Sie die direkte \u00dcbertragung der Daten an einen anderen Verantwortlichen verlangen, erfolgt dies nur, soweit es technisch machbar ist.<\/p>\n\n\n\n<p><strong>Recht auf Auskunft, Berichtigung, Sperrung, L\u00f6schung<\/strong><\/p>\n\n\n\n<p>Sie haben jederzeit im Rahmen der geltenden gesetzlichen Bestimmungen das Recht auf unentgeltliche Auskunft \u00fcber Ihre gespeicherten personenbezogenen Daten, Herkunft der Daten, deren Empf\u00e4nger und den Zweck der Datenverarbeitung und ggf. ein Recht auf Berichtigung, Sperrung oder L\u00f6schung dieser Daten. Diesbez\u00fcglich und auch zu weiteren Fragen zum Thema personenbezogene Daten k\u00f6nnen Sie sich jederzeit \u00fcber die im Impressum aufgef\u00fchrten Kontaktm\u00f6glichkeiten an uns wenden.<\/p>\n\n\n\n<p><strong>SSL- bzw. TLS-Verschl\u00fcsselung<\/strong><\/p>\n\n\n\n<p>Aus Sicherheitsgr\u00fcnden und zum Schutz der \u00dcbertragung vertraulicher Inhalte, die Sie an uns als Seitenbetreiber senden, nutzt unsere Website eine SSL-bzw. TLS-Verschl\u00fcsselung. Damit sind Daten, die Sie \u00fcber diese Website \u00fcbermitteln, f\u00fcr Dritte nicht mitlesbar. Sie erkennen eine verschl\u00fcsselte Verbindung an der \u201ehttps:\/\/\u201c Adresszeile Ihres Browsers und am Schloss-Symbol in der Browserzeile.<\/p>\n\n\n\n<p><strong>Server-Log-Dateien<\/strong><\/p>\n\n\n\n<p>In Server-Log-Dateien erhebt und speichert der Provider der Website automatisch Informationen, die Ihr Browser automatisch an uns \u00fcbermittelt. Dies sind:<\/p>\n\n\n\n<ul class=\"wp-block-list\">\n<li>Besuchte Seite auf unserer Domain<\/li>\n\n\n\n<li>Datum und Uhrzeit der Serveranfrage<\/li>\n\n\n\n<li>Browsertyp und Browserversion<\/li>\n\n\n\n<li>Verwendetes Betriebssystem<\/li>\n\n\n\n<li>Referrer URL<\/li>\n\n\n\n<li>Hostname des zugreifenden Rechners<\/li>\n\n\n\n<li>IP-Adresse<\/li>\n<\/ul>\n\n\n\n<p>Es findet keine Zusammenf\u00fchrung dieser Daten mit anderen Datenquellen statt. Grundlage der Datenverarbeitung bildet Art. 6 Abs. 1 lit. b DSGVO, der die Verarbeitung von Daten zur Erf\u00fcllung eines Vertrags oder vorvertraglicher Ma\u00dfnahmen gestattet.<\/p>\n\n\n\n<p><strong>Daten\u00fcbermittlung bei Vertragsschluss f\u00fcr Warenkauf und Warenversand<\/strong><\/p>\n\n\n\n<p>Personenbezogene Daten werden nur an Dritte nur \u00fcbermittelt, sofern eine Notwendigkeit im Rahmen der Vertragsabwicklung besteht. Dritte k\u00f6nnen beispielsweise Bezahldienstleister oder Logistikunternehmen sein. Eine weitergehende \u00dcbermittlung der Daten findet nicht statt bzw. nur dann, wenn Sie dieser ausdr\u00fccklich zugestimmt haben.<\/p>\n\n\n\n<p>Grundlage f\u00fcr die Datenverarbeitung ist Art. 6 Abs. 1 lit. b DSGVO, der die Verarbeitung von Daten zur Erf\u00fcllung eines Vertrags oder vorvertraglicher Ma\u00dfnahmen gestattet.<\/p>\n\n\n\n<p><strong>Registrierung auf dieser Website<\/strong><\/p>\n\n\n\n<p>Zur Nutzung bestimmter Funktionen k\u00f6nnen Sie sich auf unserer Website registrieren. Die \u00fcbermittelten Daten dienen ausschlie\u00dflich zum Zwecke der Nutzung des jeweiligen Angebotes oder Dienstes. Bei der Registrierung abgefragte Pflichtangaben sind vollst\u00e4ndig anzugeben. Andernfalls werden wir die Registrierung ablehnen.<\/p>\n\n\n\n<p>Im Falle wichtiger \u00c4nderungen, etwa aus technischen Gr\u00fcnden, informieren wir Sie per E-Mail. Die E-Mail wird an die Adresse versendet, die bei der Registrierung angegeben wurde.<\/p>\n\n\n\n<p>Die Verarbeitung der bei der Registrierung eingegebenen Daten erfolgt auf Grundlage Ihrer Einwilligung (Art. 6 Abs. 1 lit. a DSGVO). Ein Widerruf Ihrer bereits erteilten Einwilligung ist jederzeit m\u00f6glich. F\u00fcr den Widerruf gen\u00fcgt eine formlose Mitteilung per E-Mail. Die Rechtm\u00e4\u00dfigkeit der bereits erfolgten Datenverarbeitung bleibt vom Widerruf unber\u00fchrt.<\/p>\n\n\n\n<p>Wir speichern die bei der Registrierung erfassten Daten w\u00e4hrend des Zeitraums, den Sie auf unserer Website registriert sind. Ihren Daten werden gel\u00f6scht, sollten Sie Ihre Registrierung aufheben. Gesetzliche Aufbewahrungsfristen bleiben unber\u00fchrt.<\/p>\n\n\n\n<p><strong>Kontaktformular<\/strong><\/p>\n\n\n\n<p>Per Kontaktformular \u00fcbermittelte Daten werden einschlie\u00dflich Ihrer Kontaktdaten gespeichert, um Ihre Anfrage bearbeiten zu k\u00f6nnen oder um f\u00fcr Anschlussfragen bereitzustehen. Eine Weitergabe dieser Daten findet ohne Ihre Einwilligung nicht statt.<\/p>\n\n\n\n<p>Die Verarbeitung der in das Kontaktformular eingegebenen Daten erfolgt ausschlie\u00dflich auf Grundlage Ihrer Einwilligung (Art. 6 Abs. 1 lit. a DSGVO). Ein Widerruf Ihrer bereits erteilten Einwilligung ist jederzeit m\u00f6glich. F\u00fcr den Widerruf gen\u00fcgt eine formlose Mitteilung per E-Mail. Die Rechtm\u00e4\u00dfigkeit der bis zum Widerruf erfolgten Datenverarbeitungsvorg\u00e4nge bleibt vom Widerruf unber\u00fchrt.<\/p>\n\n\n\n<p>\u00dcber das Kontaktformular \u00fcbermittelte Daten verbleiben bei uns, bis Sie uns zur L\u00f6schung auffordern, Ihre Einwilligung zur Speicherung widerrufen oder keine Notwendigkeit der Datenspeicherung mehr besteht. Zwingende gesetzliche Bestimmungen \u2013 insbesondere Aufbewahrungsfristen \u2013 bleiben unber\u00fchrt.<\/p>\n\n\n\n<p><strong>YouTube<\/strong><\/p>\n\n\n\n<p>F\u00fcr Integration und Darstellung von Videoinhalten nutzt unsere Website Plugins von YouTube. Anbieter des Videoportals ist die YouTube, LLC, 901 Cherry Ave., San Bruno, CA 94066, USA.<\/p>\n\n\n\n<p>Bei Aufruf einer Seite mit integriertem YouTube-Plugin wird eine Verbindung zu den Servern von YouTube hergestellt. YouTube erf\u00e4hrt hierdurch, welche unserer Seiten Sie aufgerufen haben.<\/p>\n\n\n\n<p>YouTube kann Ihr Surfverhalten direkt Ihrem pers\u00f6nlichen Profil zuzuordnen, sollten Sie in Ihrem YouTube Konto eingeloggt sein. Durch vorheriges Ausloggen haben Sie die M\u00f6glichkeit, dies zu unterbinden.<\/p>\n\n\n\n<p>Die Nutzung von YouTube erfolgt im Interesse einer ansprechenden Darstellung unserer Online-Angebote. Dies stellt ein berechtigtes Interesse im Sinne von Art. 6 Abs. 1 lit. f DSGVO dar.<\/p>\n\n\n\n<p>Einzelheiten zum Umgang mit Nutzerdaten finden Sie in der Datenschutzerkl\u00e4rung von YouTube unter:&nbsp;<a href=\"https:\/\/www.google.de\/intl\/de\/policies\/privacy\">https:\/\/www.google.de\/intl\/de\/policies\/privacy<\/a>.<\/p>\n\n\n\n<p><strong>Cookies<\/strong><\/p>\n\n\n\n<p>Unsere Website verwendet Cookies. Das sind kleine Textdateien, die Ihr Webbrowser auf Ihrem Endger\u00e4t speichert. Cookies helfen uns dabei, unser Angebot nutzerfreundlicher, effektiver und sicherer zu machen.<\/p>\n\n\n\n<p>Einige Cookies sind \u201cSession-Cookies.\u201d Solche Cookies werden nach Ende Ihrer Browser-Sitzung von selbst gel\u00f6scht. Hingegen bleiben andere Cookies auf Ihrem Endger\u00e4t bestehen, bis Sie diese selbst l\u00f6schen. Solche Cookies helfen uns, Sie bei R\u00fcckkehr auf unserer Website wiederzuerkennen.<\/p>\n\n\n\n<p>Mit einem modernen Webbrowser k\u00f6nnen Sie das Setzen von Cookies \u00fcberwachen, einschr\u00e4nken oder unterbinden. Viele Webbrowser lassen sich so konfigurieren, dass Cookies mit dem Schlie\u00dfen des Programms von selbst gel\u00f6scht werden. Die Deaktivierung von Cookies kann eine eingeschr\u00e4nkte Funktionalit\u00e4t unserer Website zur Folge haben.<\/p>\n\n\n\n<p>Das Setzen von Cookies, die zur Aus\u00fcbung elektronischer Kommunikationsvorg\u00e4nge oder der Bereitstellung bestimmter, von Ihnen erw\u00fcnschter Funktionen (z.B. Warenkorb) notwendig sind, erfolgt auf Grundlage von Art. 6 Abs. 1 lit. f DSGVO. Als Betreiber dieser Website haben wir ein berechtigtes Interesse an der Speicherung von Cookies zur technisch fehlerfreien und reibungslosen Bereitstellung unserer Dienste. Sofern die Setzung anderer Cookies (z.B. f\u00fcr Analyse-Funktionen) erfolgt, werden diese in dieser Datenschutzerkl\u00e4rung separat behandelt.<\/p>\n\n\n\n<p><strong>Google Web Fonts<\/strong><\/p>\n\n\n\n<p>Unsere Website verwendet Web Fonts von Google. Anbieter ist die Google Inc., 1600 Amphitheatre Parkway, Mountain View, CA 94043, USA.<\/p>\n\n\n\n<p>Durch den Einsatz dieser Web Fonts wird es m\u00f6glich Ihnen die von uns gew\u00fcnschte Darstellung unserer Website zu pr\u00e4sentieren, unabh\u00e4ngig davon welche Schriften Ihnen lokal zur Verf\u00fcgung stehen. Dies erfolgt \u00fcber den Abruf der Google Web Fonts von einem Server von Google in den USA und der damit verbundenen Weitergabe Ihre Daten an Google. Dabei handelt es sich um Ihre IP-Adresse und welche Seite Sie bei uns besucht haben. Der Einsatz von Google Web Fonts erfolgt auf Grundlage von Art. 6 Abs. 1 lit. f DSGVO. Als Betreiber dieser Website haben wir ein berechtigtes Interesse an der optimalen Darstellung und \u00dcbertragung unseres Webauftritts.<\/p>\n\n\n\n<p>Das Unternehmen Google ist f\u00fcr das us-europ\u00e4ische Datenschutz\u00fcbereinkommen \u201cPrivacy Shield\u201d zertifiziert. Dieses Datenschutz\u00fcbereinkommen soll die Einhaltung des in der EU geltenden Datenschutzniveaus gew\u00e4hrleisten.<\/p>\n\n\n\n<p>Einzelheiten \u00fcber Google Web Fonts finden Sie unter:&nbsp;<a href=\"https:\/\/www.google.com\/fonts#AboutPlace:about\">https:\/\/www.google.com\/fonts#AboutPlace:about<\/a>&nbsp;und weitere Informationen in den Datenschutzbestimmungen von Google:&nbsp;<a href=\"https:\/\/policies.google.com\/privacy\/partners?hl=de\">https:\/\/policies.google.com\/privacy\/partners?hl=de<\/a><\/p>\n\n\n\n<p>Quelle: Datenschutz-Konfigurator von&nbsp;<a rel=\"noreferrer noopener\" href=\"http:\/\/www.mein-datenschutzbeauftragter.de\/\" target=\"_blank\">mein-datenschutzbeauftragter.de<\/a><\/p>\n\n\n\n<h2 class=\"wp-block-heading\">Zweck der Datenverarbeitung<\/h2>\n\n\n\n<p>Die Daten zum Verhalten der Besucher werden gesammelt um eventuelle Probleme wie nicht gefundene Seiten, Suchmaschinenprobleme oder unbeliebte Seiten herauszufinden. Sobald die Daten (Anzahl der Besucher die Fehlerseiten oder nur eine Seite sehen, usw.) verarbeitet werden, erzeugt die Software Berichte f\u00fcr die Webseitenbetreiber, damit diese darauf reagieren k\u00f6nnen. (Layoutver\u00e4nderungen, neue Inhalte, usw.)&nbsp;Falls du ein Kontaktformular hast<\/p>\n\n\n\n<p>Au\u00dferdem bietet diese Webseite ein Kontaktformular, welches es erlaubt uns direkt eine Anfrage zu senden und uns erlaubt direkt darauf an Ihre E-Mail-Adresse zu antworten.<\/p>\n\n\n\n<p>Es werden folgende Daten verarbeitet:<\/p>\n\n\n\n<ul class=\"wp-block-list\">\n<li>Cookies<\/li>\n\n\n\n<li>Anonymisierte IP-Adressen indem die letzten 2 bytes entfernt werden (also 198.51.0.0 anstatt 198.51.100.54)<\/li>\n\n\n\n<li>Pseudoanonymisierter Standort (basierend auf der anonymisierten IP-Adresse<\/li>\n\n\n\n<li>Datum und Uhrzeit<\/li>\n\n\n\n<li>Titel der aufgerufenen Seite<\/li>\n\n\n\n<li>URL der aufgerufenen Seite<\/li>\n\n\n\n<li>URL der vorhergehenden Seite (sofern diese das erlaubt)<\/li>\n\n\n\n<li>Bildschirmaufl\u00f6sung<\/li>\n\n\n\n<li>Lokale Zeit<\/li>\n\n\n\n<li>Dateien die angeklickt und heruntergeladen wurden<\/li>\n\n\n\n<li>Externe Links<\/li>\n\n\n\n<li>Dauer des Seitenaufbaus<\/li>\n\n\n\n<li>Land, Region, Stadt (mit niedriger Genauigkeit aufgrund von IP-Adresse)<\/li>\n\n\n\n<li>Hauptsprache des Browsers<\/li>\n\n\n\n<li>User Agent des Browsers<\/li>\n\n\n\n<li>Interaktionen mit Formularen (aber nicht deren Inhalt)<\/li>\n<\/ul>\n\n\n\n<h2 class=\"wp-block-heading\">Indirekte Datensammlung<\/h2>\n\n\n\n<h3 class=\"wp-block-heading\">Server Logs<\/h3>\n\n\n\n<p>Wenn Sie diese Webseite verwenden, wird der Aufruf vom Host der Webseite (www.knowrisk.at) aufgezeichnet. Dieses Log enth\u00e4lt Ihre IP-Adresse, welche Sie indirekt \u00fcber Ihren Internetanbieter identifiziert. Die Aufzeichnung dieser Daten ist gesetzlich verpflichtend und f\u00fcr die Sicherheit notwendig. Es gibt keine M\u00f6glichkeit zum Opt-Out, die Daten werden aber niemals f\u00fcr andere Zwecke verwendet.&nbsp;Falls du JavaScript von CDNs, Webfonts oder \u00e4hnliches verwendest<\/p>\n\n\n\n<h2 class=\"wp-block-heading\">Basis des Legitimen Interesses<\/h2>\n\n\n\n<p>Die Datenverarbeitung basiert auf dem Prinzip des legitimen Interesses.<\/p>\n\n\n\n<p>Verarbeiten der Daten hilft uns herauszufinden, was auf unserer Seite funktioniert und was nicht. Zum Beispiel finden wir damit heraus, ob die Inhalte gut ankommen oder wie wir die Struktur der Webseite verbessern k\u00f6nnen. Unser Team profitiert davon und kann darauf reagieren. Aufgrund der Datenverarbeitung profitieren Sie somit von einer Webseite, die laufend besser wird.<\/p>\n\n\n\n<p>Ohne den Daten k\u00f6nnten wir den Service nicht bieten. Ihre Daten werden ausschlie\u00dflich zum Verbessern der Webseitennutzung verwendet.&nbsp;Falls du ein Kontaktformular hast<\/p>\n\n\n\n<p>Das Kontaktformular hilft uns einmalig direkt mit Ihnen Kontakt aufzunehmen.<\/p>\n\n\n\n<h2 class=\"wp-block-heading\">Empf\u00e4nger der Daten<\/h2>\n\n\n\n<p>Die pers\u00f6nlichen Daten werden gesendet an:<\/p>\n\n\n\n<ul class=\"wp-block-list\">\n<li>uns (das Team von CK Folien &amp; Druck)<\/li>\n\n\n\n<li><em>Christian Kerstan<\/em>&nbsp;(Host und Betreuer der Webseite)<\/li>\n\n\n\n<li><em>Hosttech<\/em>&nbsp;(host des servers)<\/li>\n\n\n\n<li><em>Hosttech<\/em>&nbsp;(Mailbox f\u00fcr Kontaktformular)<\/li>\n<\/ul>\n\n\n\n<h2 class=\"wp-block-heading\">Details zum Transfer in Drittstaaten<\/h2>\n\n\n\n<p>Die Daten dieser Webseite werden in Deutschland\/\u00d6sterreich&nbsp;gehostet. Die Daten verlassen nie die EU.<\/p>\n\n\n\n<h2 class=\"wp-block-heading\">Rechte der betroffenen Personen<\/h2>\n\n\n\n<p>Da wir Daten basierend auf legitimen Interesse sammeleln, k\u00f6nnen Sie folgende Rechte aus\u00fcben:<\/p>\n\n\n\n<ul class=\"wp-block-list\">\n<li><strong>Recht auf Auskunft und Daten\u00fcbertragbarkeit<\/strong>: Sie k\u00f6nnen jederzeit alle Ihre Daten anfordern.<\/li>\n\n\n\n<li><strong>Recht auf L\u00f6schung und Berichtigung<\/strong>: Sie k\u00f6nnen jederzeit anfragen, dass wir alle Ihre Daten vollst\u00e4ndig l\u00f6schen.<\/li>\n\n\n\n<li><strong>Recht auf Widerspruch und Einschr\u00e4nkung der Verarbeitung<\/strong>: Sie k\u00f6nnen jederzeit der Datensammlung widersprechen, indem Sie in Ihrem Browser&nbsp;<a href=\"https:\/\/www.eff.org\/issues\/do-not-track\">DoNotTrack<\/a> abhaken.<\/li>\n<\/ul>\n\n\n\n<p><\/p>\n","protected":false},"excerpt":{"rendered":"<p>Datenschutzerkl\u00e4rung Allgemeiner Hinweis und Pflichtinformationen Benennung der verantwortlichen Stelle Die verantwortliche Stelle f\u00fcr die Datenverarbeitung auf dieser Website ist: CK Folien &amp; Druck &#8211; Christian KerstanK\u00e4lberweide 11a7111 Parndorf Die verantwortliche Stelle entscheidet allein oder gemeinsam mit anderen \u00fcber die Zwecke und Mittel der Verarbeitung von personenbezogenen Daten (z.B. Namen, Kontaktdaten o. \u00c4.). Widerruf Ihrer Einwilligung [&hellip;]<\/p>\n","protected":false},"author":1,"featured_media":0,"parent":0,"menu_order":0,"comment_status":"closed","ping_status":"closed","template":"","meta":{"footnotes":""},"class_list":["post-87","page","type-page","status-publish","hentry"],"_links":{"self":[{"href":"https:\/\/ckfd.at\/index.php?rest_route=\/wp\/v2\/pages\/87","targetHints":{"allow":["GET"]}}],"collection":[{"href":"https:\/\/ckfd.at\/index.php?rest_route=\/wp\/v2\/pages"}],"about":[{"href":"https:\/\/ckfd.at\/index.php?rest_route=\/wp\/v2\/types\/page"}],"author":[{"embeddable":true,"href":"https:\/\/ckfd.at\/index.php?rest_route=\/wp\/v2\/users\/1"}],"replies":[{"embeddable":true,"href":"https:\/\/ckfd.at\/index.php?rest_route=%2Fwp%2Fv2%2Fcomments&post=87"}],"version-history":[{"count":3,"href":"https:\/\/ckfd.at\/index.php?rest_route=\/wp\/v2\/pages\/87\/revisions"}],"predecessor-version":[{"id":260,"href":"https:\/\/ckfd.at\/index.php?rest_route=\/wp\/v2\/pages\/87\/revisions\/260"}],"wp:attachment":[{"href":"https:\/\/ckfd.at\/index.php?rest_route=%2Fwp%2Fv2%2Fmedia&parent=87"}],"curies":[{"name":"wp","href":"https:\/\/api.w.org\/{rel}","templated":true}]}}